{"id":9995,"date":"2024-07-29T07:19:56","date_gmt":"2024-07-28T23:19:56","guid":{"rendered":"https:\/\/ausventure-travel.com\/p\/orca-expedition-bremer-bay\/"},"modified":"2026-04-17T19:25:23","modified_gmt":"2026-04-17T11:25:23","slug":"orca-expedition-bremer-bay","status":"publish","type":"product","link":"https:\/\/ausventure-travel.com\/de\/produkt\/orca-expedition-bremer-bay\/","title":{"rendered":"Orca Expedition in Bremer Bay \u2013 Killerwale hautnah erleben"},"content":{"rendered":"<p>Entdecke die malerische K\u00fcstenstadt Bremer Bay, nur zwei Stunden von Albany oder f\u00fcnf Stunden von Perth, Westaustralien, entfernt.<\/p>\n<p>Bremer Bay ist ein wahres Paradies f\u00fcr Naturliebhaber \u2013 und der einzige Ort in Australien, an dem du zuverl\u00e4ssig Killerwale beobachten kannst!<\/p>\n","protected":false},"excerpt":{"rendered":"<p>Entdecke die malerische K\u00fcstenstadt Bremer Bay, nur zwei Stunden von Albany oder f\u00fcnf Stunden von Perth, Westaustralien, entfernt. Bremer Bay ist ein wahres Paradies f\u00fcr Naturliebhaber \u2013 und der einzige Ort in Australien, an dem du zuverl\u00e4ssig Killerwale beobachten kannst!<\/p>\n","protected":false},"featured_media":66913,"comment_status":"closed","ping_status":"closed","template":"","meta":{"_acf_changed":false},"activity-level":[261],"destination":[45,159],"region":[264,192],"product_cat":[218,71],"product_tag":[],"class_list":{"0":"post-9995","1":"product","2":"type-product","3":"status-publish","4":"has-post-thumbnail","6":"activity-level-beginner","7":"destination-australien","8":"destination-westaustralien","9":"region-australien","10":"region-westkueste","11":"product_cat-tierwelt","12":"product_cat-tagestouren","14":"first","15":"instock","16":"shipping-taxable","17":"purchasable","18":"product-type-simple"},"acf":[],"_links":{"self":[{"href":"https:\/\/ausventure-travel.com\/de\/wp-json\/wp\/v2\/product\/9995","targetHints":{"allow":["GET"]}}],"collection":[{"href":"https:\/\/ausventure-travel.com\/de\/wp-json\/wp\/v2\/product"}],"about":[{"href":"https:\/\/ausventure-travel.com\/de\/wp-json\/wp\/v2\/types\/product"}],"replies":[{"embeddable":true,"href":"https:\/\/ausventure-travel.com\/de\/wp-json\/wp\/v2\/comments?post=9995"}],"wp:featuredmedia":[{"embeddable":true,"href":"https:\/\/ausventure-travel.com\/de\/wp-json\/wp\/v2\/media\/66913"}],"wp:attachment":[{"href":"https:\/\/ausventure-travel.com\/de\/wp-json\/wp\/v2\/media?parent=9995"}],"wp:term":[{"taxonomy":"activity-level","embeddable":true,"href":"https:\/\/ausventure-travel.com\/de\/wp-json\/wp\/v2\/activity-level?post=9995"},{"taxonomy":"destination","embeddable":true,"href":"https:\/\/ausventure-travel.com\/de\/wp-json\/wp\/v2\/destination?post=9995"},{"taxonomy":"region","embeddable":true,"href":"https:\/\/ausventure-travel.com\/de\/wp-json\/wp\/v2\/region?post=9995"},{"taxonomy":"product_cat","embeddable":true,"href":"https:\/\/ausventure-travel.com\/de\/wp-json\/wp\/v2\/product_cat?post=9995"},{"taxonomy":"product_tag","embeddable":true,"href":"https:\/\/ausventure-travel.com\/de\/wp-json\/wp\/v2\/product_tag?post=9995"}],"curies":[{"name":"wp","href":"https:\/\/api.w.org\/{rel}","templated":true}]}}