{"id":9988,"date":"2024-07-26T08:59:22","date_gmt":"2024-07-26T00:59:22","guid":{"rendered":"https:\/\/ausventure-travel.com\/p\/hutt-lagoon-pink-lake-rundflug\/"},"modified":"2026-03-15T12:48:16","modified_gmt":"2026-03-15T04:48:16","slug":"hutt-lagoon-pink-lake-rundflug","status":"publish","type":"product","link":"https:\/\/ausventure-travel.com\/de\/produkt\/hutt-lagoon-pink-lake-rundflug\/","title":{"rendered":"Hutt Lagoon Pink Lake 45 Minuten Rundflug"},"content":{"rendered":"<p>Der 45-min\u00fctige Flug vom Kalbarri Airport zum Pink Lake an der Hutt Lagoon in der N\u00e4he von Port Gregory bietet dir eine einmalige Gelegenheit den Blick von oben zu genie\u00dfen.<\/p>\n","protected":false},"excerpt":{"rendered":"<p>Der 45-min\u00fctige Flug vom Kalbarri Airport zum Pink Lake an der Hutt Lagoon in der N\u00e4he von Port Gregory bietet dir eine einmalige Gelegenheit den Blick von oben zu genie\u00dfen.<\/p>\n","protected":false},"featured_media":66909,"comment_status":"closed","ping_status":"closed","template":"","meta":{"_acf_changed":false},"activity-level":[261],"destination":[45,435,159],"region":[192,264],"product_cat":[68,71],"product_tag":[],"class_list":{"0":"post-9988","1":"product","2":"type-product","3":"status-publish","4":"has-post-thumbnail","6":"activity-level-beginner","7":"destination-australien","8":"destination-kalbarri","9":"destination-westaustralien","10":"region-westkueste","11":"region-australien","12":"product_cat-rundflug","13":"product_cat-tagestouren","15":"first","16":"instock","17":"shipping-taxable","18":"purchasable","19":"product-type-simple"},"acf":[],"_links":{"self":[{"href":"https:\/\/ausventure-travel.com\/de\/wp-json\/wp\/v2\/product\/9988","targetHints":{"allow":["GET"]}}],"collection":[{"href":"https:\/\/ausventure-travel.com\/de\/wp-json\/wp\/v2\/product"}],"about":[{"href":"https:\/\/ausventure-travel.com\/de\/wp-json\/wp\/v2\/types\/product"}],"replies":[{"embeddable":true,"href":"https:\/\/ausventure-travel.com\/de\/wp-json\/wp\/v2\/comments?post=9988"}],"wp:featuredmedia":[{"embeddable":true,"href":"https:\/\/ausventure-travel.com\/de\/wp-json\/wp\/v2\/media\/66909"}],"wp:attachment":[{"href":"https:\/\/ausventure-travel.com\/de\/wp-json\/wp\/v2\/media?parent=9988"}],"wp:term":[{"taxonomy":"activity-level","embeddable":true,"href":"https:\/\/ausventure-travel.com\/de\/wp-json\/wp\/v2\/activity-level?post=9988"},{"taxonomy":"destination","embeddable":true,"href":"https:\/\/ausventure-travel.com\/de\/wp-json\/wp\/v2\/destination?post=9988"},{"taxonomy":"region","embeddable":true,"href":"https:\/\/ausventure-travel.com\/de\/wp-json\/wp\/v2\/region?post=9988"},{"taxonomy":"product_cat","embeddable":true,"href":"https:\/\/ausventure-travel.com\/de\/wp-json\/wp\/v2\/product_cat?post=9988"},{"taxonomy":"product_tag","embeddable":true,"href":"https:\/\/ausventure-travel.com\/de\/wp-json\/wp\/v2\/product_tag?post=9988"}],"curies":[{"name":"wp","href":"https:\/\/api.w.org\/{rel}","templated":true}]}}