{"id":8740,"date":"2024-07-07T20:00:14","date_gmt":"2024-07-07T12:00:14","guid":{"rendered":"https:\/\/ausventure-travel.com\/p\/lady-elliot-tagestrip\/"},"modified":"2026-04-11T14:18:00","modified_gmt":"2026-04-11T06:18:00","slug":"lady-elliot-tagestrip","status":"publish","type":"product","link":"https:\/\/ausventure-travel.com\/de\/produkt\/lady-elliot-tagestrip\/","title":{"rendered":"Lady Elliot Island Tagestour \u2013 Great Barrier Reef Schnorcheln"},"content":{"rendered":"<p>Der exklusive Tagesausflug zur <strong data-start=\"137\" data-end=\"159\">Lady Elliot Island<\/strong> ist einzigartig in ganz Australien. In nur einem Tag erlebst du die Sch\u00f6nheit des <strong data-start=\"242\" data-end=\"265\">Great Barrier Reefs<\/strong> aus drei Perspektiven: aus der Luft, \u00fcber dem Wasser und unter der Oberfl\u00e4che.<\/p>\n<p>Die Insel gilt als einer der <strong data-start=\"374\" data-end=\"403\">unber\u00fchrtesten Abschnitte<\/strong> des Riffs und bietet dir ein Naturerlebnis, das seinesgleichen sucht. Dank der Lage an der <strong data-start=\"495\" data-end=\"532\">S\u00fcdspitze des Great Barrier Reefs<\/strong> ist Lady Elliot Island besonders <strong data-start=\"566\" data-end=\"610\">leicht und schnell von S\u00fcdost-Queensland<\/strong> erreichbar \u2013 perfekt f\u00fcr ein unvergessliches Abenteuer.<\/p>\n","protected":false},"excerpt":{"rendered":"<p>Der exklusive Tagesausflug zur Lady Elliot Island ist einzigartig in ganz Australien. In nur einem Tag erlebst du die Sch\u00f6nheit des Great Barrier Reefs aus drei Perspektiven: aus der Luft, \u00fcber dem Wasser und unter der Oberfl\u00e4che. Die Insel gilt als einer der unber\u00fchrtesten Abschnitte des Riffs und bietet dir ein Naturerlebnis, das seinesgleichen sucht. [&hellip;]<\/p>\n","protected":false},"featured_media":66169,"comment_status":"closed","ping_status":"closed","template":"","meta":{"_acf_changed":false},"activity-level":[261],"destination":[45,154],"region":[264,263],"product_cat":[221,113,71,218],"product_tag":[],"class_list":{"0":"post-8740","1":"product","2":"type-product","3":"status-publish","4":"has-post-thumbnail","6":"activity-level-beginner","7":"destination-australien","8":"destination-queensland","9":"region-australien","10":"region-ostkueste","11":"product_cat-inselbesuch","12":"product_cat-schnorcheln","13":"product_cat-tagestouren","14":"product_cat-tierwelt","16":"first","17":"instock","18":"shipping-taxable","19":"purchasable","20":"product-type-simple"},"acf":[],"_links":{"self":[{"href":"https:\/\/ausventure-travel.com\/de\/wp-json\/wp\/v2\/product\/8740","targetHints":{"allow":["GET"]}}],"collection":[{"href":"https:\/\/ausventure-travel.com\/de\/wp-json\/wp\/v2\/product"}],"about":[{"href":"https:\/\/ausventure-travel.com\/de\/wp-json\/wp\/v2\/types\/product"}],"replies":[{"embeddable":true,"href":"https:\/\/ausventure-travel.com\/de\/wp-json\/wp\/v2\/comments?post=8740"}],"wp:featuredmedia":[{"embeddable":true,"href":"https:\/\/ausventure-travel.com\/de\/wp-json\/wp\/v2\/media\/66169"}],"wp:attachment":[{"href":"https:\/\/ausventure-travel.com\/de\/wp-json\/wp\/v2\/media?parent=8740"}],"wp:term":[{"taxonomy":"activity-level","embeddable":true,"href":"https:\/\/ausventure-travel.com\/de\/wp-json\/wp\/v2\/activity-level?post=8740"},{"taxonomy":"destination","embeddable":true,"href":"https:\/\/ausventure-travel.com\/de\/wp-json\/wp\/v2\/destination?post=8740"},{"taxonomy":"region","embeddable":true,"href":"https:\/\/ausventure-travel.com\/de\/wp-json\/wp\/v2\/region?post=8740"},{"taxonomy":"product_cat","embeddable":true,"href":"https:\/\/ausventure-travel.com\/de\/wp-json\/wp\/v2\/product_cat?post=8740"},{"taxonomy":"product_tag","embeddable":true,"href":"https:\/\/ausventure-travel.com\/de\/wp-json\/wp\/v2\/product_tag?post=8740"}],"curies":[{"name":"wp","href":"https:\/\/api.w.org\/{rel}","templated":true}]}}