{"id":8600,"date":"2024-07-04T21:52:08","date_gmt":"2024-07-04T13:52:08","guid":{"rendered":"https:\/\/ausventure-travel.com\/p\/reef-sleep-overnight-tour\/"},"modified":"2026-04-11T15:14:53","modified_gmt":"2026-04-11T07:14:53","slug":"reef-sleep-overnight-tour","status":"publish","type":"product","link":"https:\/\/ausventure-travel.com\/de\/produkt\/reef-sleep-overnight-tour\/","title":{"rendered":"Whitsundays Reef Sleep \u2013 \u00dcbernachtung am Great Barrier Reef"},"content":{"rendered":"<p>Reefsleep ist ein unvergessliches 2-Tage-1-Nacht-Abenteuer auf dem Great Barrier Reef \u2013 eine intime, einmalige Gelegenheit, unter den Sternen zu schlafen.<\/p>\n<p>Nachdem die Tagestouristen abgereist sind, geh\u00f6rt dir das Ponton fast alleine. Genie\u00dfe absolute Ruhe mitten auf dem Ozean, spektakul\u00e4re Sonnenunterg\u00e4nge, einen funkelnden Sternenhimmel und das erste Licht des Morgens \u2013 direkt auf dem Riff.<\/p>\n","protected":false},"excerpt":{"rendered":"<p>Reefsleep ist ein unvergessliches 2-Tage-1-Nacht-Abenteuer auf dem Great Barrier Reef \u2013 eine intime, einmalige Gelegenheit, unter den Sternen zu schlafen. Nachdem die Tagestouristen abgereist sind, geh\u00f6rt dir das Ponton fast alleine. Genie\u00dfe absolute Ruhe mitten auf dem Ozean, spektakul\u00e4re Sonnenunterg\u00e4nge, einen funkelnden Sternenhimmel und das erste Licht des Morgens \u2013 direkt auf dem Riff.<\/p>\n","protected":false},"featured_media":66079,"comment_status":"closed","ping_status":"closed","template":"","meta":{"_acf_changed":false},"activity-level":[261],"destination":[45,154,166],"region":[264,263],"product_cat":[221,109,113,72],"product_tag":[],"class_list":{"0":"post-8600","1":"product","2":"type-product","3":"status-publish","4":"has-post-thumbnail","6":"activity-level-beginner","7":"destination-australien","8":"destination-queensland","9":"destination-whitsundays","10":"region-australien","11":"region-ostkueste","12":"product_cat-inselbesuch","13":"product_cat-mehrtaegig","14":"product_cat-schnorcheln","15":"product_cat-tauchen","17":"first","18":"instock","19":"shipping-taxable","20":"purchasable","21":"product-type-simple"},"acf":[],"_links":{"self":[{"href":"https:\/\/ausventure-travel.com\/de\/wp-json\/wp\/v2\/product\/8600","targetHints":{"allow":["GET"]}}],"collection":[{"href":"https:\/\/ausventure-travel.com\/de\/wp-json\/wp\/v2\/product"}],"about":[{"href":"https:\/\/ausventure-travel.com\/de\/wp-json\/wp\/v2\/types\/product"}],"replies":[{"embeddable":true,"href":"https:\/\/ausventure-travel.com\/de\/wp-json\/wp\/v2\/comments?post=8600"}],"wp:featuredmedia":[{"embeddable":true,"href":"https:\/\/ausventure-travel.com\/de\/wp-json\/wp\/v2\/media\/66079"}],"wp:attachment":[{"href":"https:\/\/ausventure-travel.com\/de\/wp-json\/wp\/v2\/media?parent=8600"}],"wp:term":[{"taxonomy":"activity-level","embeddable":true,"href":"https:\/\/ausventure-travel.com\/de\/wp-json\/wp\/v2\/activity-level?post=8600"},{"taxonomy":"destination","embeddable":true,"href":"https:\/\/ausventure-travel.com\/de\/wp-json\/wp\/v2\/destination?post=8600"},{"taxonomy":"region","embeddable":true,"href":"https:\/\/ausventure-travel.com\/de\/wp-json\/wp\/v2\/region?post=8600"},{"taxonomy":"product_cat","embeddable":true,"href":"https:\/\/ausventure-travel.com\/de\/wp-json\/wp\/v2\/product_cat?post=8600"},{"taxonomy":"product_tag","embeddable":true,"href":"https:\/\/ausventure-travel.com\/de\/wp-json\/wp\/v2\/product_tag?post=8600"}],"curies":[{"name":"wp","href":"https:\/\/api.w.org\/{rel}","templated":true}]}}