{"id":8584,"date":"2024-07-04T21:34:35","date_gmt":"2024-07-04T13:34:35","guid":{"rendered":"https:\/\/ausventure-travel.com\/p\/2d1n-summertime-sailing\/"},"modified":"2026-05-06T09:46:45","modified_gmt":"2026-05-06T01:46:45","slug":"2d1n-summertime-sailing","status":"publish","type":"product","link":"https:\/\/ausventure-travel.com\/de\/produkt\/2d1n-summertime-sailing\/","title":{"rendered":"Whitsundays 2 Tage Segeltour \u2013 Summertime Abenteuer &#038; Schnorcheln"},"content":{"rendered":"<p data-start=\"70\" data-end=\"528\">Die <em data-start=\"147\" data-end=\"159\">Summertime<\/em> ist eine wundersch\u00f6ne, handgefertigte Holzketch aus dem Jahr 1945, die liebevoll restauriert und perfekt gepflegt wurde. Sie verbindet den nostalgischen Charme eines klassischen Segelschiffs mit modernem Komfort: ein S\u00fc\u00dfwasser-Whirlpool an Deck und klimatisierte Schlafbereiche sowie ein k\u00fchler Salon unter Deck sorgen f\u00fcr Entspannung nach einem ereignisreichen Tag.<\/p>\n<p data-start=\"530\" data-end=\"794\">Erkunde das Great Barrier Reef beim Schnorcheln oder gleite mit dem Seekajak \u00fcber bunte Koralleng\u00e4rten. Hier hast du die Chance, eine faszinierende Vielfalt an Meeresbewohnern aus n\u00e4chster N\u00e4he zu erleben \u2013 ein unvergessliches Highlight deiner Whitsundays-Reise.<\/p>\n","protected":false},"excerpt":{"rendered":"<p>Die Summertime ist eine wundersch\u00f6ne, handgefertigte Holzketch aus dem Jahr 1945, die liebevoll restauriert und perfekt gepflegt wurde. Sie verbindet den nostalgischen Charme eines klassischen Segelschiffs mit modernem Komfort: ein S\u00fc\u00dfwasser-Whirlpool an Deck und klimatisierte Schlafbereiche sowie ein k\u00fchler Salon unter Deck sorgen f\u00fcr Entspannung nach einem ereignisreichen Tag. Erkunde das Great Barrier Reef beim [&hellip;]<\/p>\n","protected":false},"featured_media":66069,"comment_status":"closed","ping_status":"closed","template":"","meta":{"_acf_changed":false},"activity-level":[261],"destination":[45,154,166],"region":[264,263],"product_cat":[221,109,113,97],"product_tag":[],"class_list":{"0":"post-8584","1":"product","2":"type-product","3":"status-publish","4":"has-post-thumbnail","6":"activity-level-beginner","7":"destination-australien","8":"destination-queensland","9":"destination-whitsundays","10":"region-australien","11":"region-ostkueste","12":"product_cat-inselbesuch","13":"product_cat-mehrtaegig","14":"product_cat-schnorcheln","15":"product_cat-segelabenteuer","17":"first","18":"instock","19":"shipping-taxable","20":"purchasable","21":"product-type-simple"},"acf":[],"_links":{"self":[{"href":"https:\/\/ausventure-travel.com\/de\/wp-json\/wp\/v2\/product\/8584","targetHints":{"allow":["GET"]}}],"collection":[{"href":"https:\/\/ausventure-travel.com\/de\/wp-json\/wp\/v2\/product"}],"about":[{"href":"https:\/\/ausventure-travel.com\/de\/wp-json\/wp\/v2\/types\/product"}],"replies":[{"embeddable":true,"href":"https:\/\/ausventure-travel.com\/de\/wp-json\/wp\/v2\/comments?post=8584"}],"wp:featuredmedia":[{"embeddable":true,"href":"https:\/\/ausventure-travel.com\/de\/wp-json\/wp\/v2\/media\/66069"}],"wp:attachment":[{"href":"https:\/\/ausventure-travel.com\/de\/wp-json\/wp\/v2\/media?parent=8584"}],"wp:term":[{"taxonomy":"activity-level","embeddable":true,"href":"https:\/\/ausventure-travel.com\/de\/wp-json\/wp\/v2\/activity-level?post=8584"},{"taxonomy":"destination","embeddable":true,"href":"https:\/\/ausventure-travel.com\/de\/wp-json\/wp\/v2\/destination?post=8584"},{"taxonomy":"region","embeddable":true,"href":"https:\/\/ausventure-travel.com\/de\/wp-json\/wp\/v2\/region?post=8584"},{"taxonomy":"product_cat","embeddable":true,"href":"https:\/\/ausventure-travel.com\/de\/wp-json\/wp\/v2\/product_cat?post=8584"},{"taxonomy":"product_tag","embeddable":true,"href":"https:\/\/ausventure-travel.com\/de\/wp-json\/wp\/v2\/product_tag?post=8584"}],"curies":[{"name":"wp","href":"https:\/\/api.w.org\/{rel}","templated":true}]}}