{"id":8513,"date":"2024-07-04T19:01:54","date_gmt":"2024-07-04T11:01:54","guid":{"rendered":"https:\/\/ausventure-travel.com\/p\/whitsundays-glasbodenboot-tour\/"},"modified":"2026-04-11T15:29:43","modified_gmt":"2026-04-11T07:29:43","slug":"whitsundays-glasbodenboot-tour","status":"publish","type":"product","link":"https:\/\/ausventure-travel.com\/de\/produkt\/whitsundays-glasbodenboot-tour\/","title":{"rendered":"Whitsundays Glasbodenboot Tour \u2013 Great Barrier Reef ohne Schnorcheln erleben"},"content":{"rendered":"<p data-start=\"139\" data-end=\"441\">Unsere <strong data-start=\"146\" data-end=\"200\">70-min\u00fctige Glass Bottom Boat Tour ab Airlie Beach<\/strong> ist ideal f\u00fcr alle, die die Sch\u00f6nheit der Whitsundays und den Zugang zum Great Barrier Reef erleben m\u00f6chten \u2013 ganz ohne nass zu werden! Die Tour f\u00fchrt dich zu farbenfrohen Korallenriffen und idyllischen Inseln rund um den Hafen von Shute.<\/p>\n<p data-start=\"443\" data-end=\"710\">Freu dich auf spektakul\u00e4re Ausblicke durch den Glasboden auf die faszinierende Unterwasserwelt. Entdecke Meeresschildkr\u00f6ten, Rochen und ein schillerndes Kaleidoskop aus tropischen Fischen und Korallen \u2013 garantiert ein unvergessliches Erlebnis f\u00fcr die ganze Familie.<\/p>\n","protected":false},"excerpt":{"rendered":"<p>Unsere 70-min\u00fctige Glass Bottom Boat Tour ab Airlie Beach ist ideal f\u00fcr alle, die die Sch\u00f6nheit der Whitsundays und den Zugang zum Great Barrier Reef erleben m\u00f6chten \u2013 ganz ohne nass zu werden! Die Tour f\u00fchrt dich zu farbenfrohen Korallenriffen und idyllischen Inseln rund um den Hafen von Shute. Freu dich auf spektakul\u00e4re Ausblicke durch [&hellip;]<\/p>\n","protected":false},"featured_media":66022,"comment_status":"closed","ping_status":"closed","template":"","meta":{"_acf_changed":false},"activity-level":[261],"destination":[45,154,166],"region":[264,263],"product_cat":[71],"product_tag":[],"class_list":{"0":"post-8513","1":"product","2":"type-product","3":"status-publish","4":"has-post-thumbnail","6":"activity-level-beginner","7":"destination-australien","8":"destination-queensland","9":"destination-whitsundays","10":"region-australien","11":"region-ostkueste","12":"product_cat-tagestouren","14":"first","15":"instock","16":"shipping-taxable","17":"purchasable","18":"product-type-simple"},"acf":[],"_links":{"self":[{"href":"https:\/\/ausventure-travel.com\/de\/wp-json\/wp\/v2\/product\/8513","targetHints":{"allow":["GET"]}}],"collection":[{"href":"https:\/\/ausventure-travel.com\/de\/wp-json\/wp\/v2\/product"}],"about":[{"href":"https:\/\/ausventure-travel.com\/de\/wp-json\/wp\/v2\/types\/product"}],"replies":[{"embeddable":true,"href":"https:\/\/ausventure-travel.com\/de\/wp-json\/wp\/v2\/comments?post=8513"}],"wp:featuredmedia":[{"embeddable":true,"href":"https:\/\/ausventure-travel.com\/de\/wp-json\/wp\/v2\/media\/66022"}],"wp:attachment":[{"href":"https:\/\/ausventure-travel.com\/de\/wp-json\/wp\/v2\/media?parent=8513"}],"wp:term":[{"taxonomy":"activity-level","embeddable":true,"href":"https:\/\/ausventure-travel.com\/de\/wp-json\/wp\/v2\/activity-level?post=8513"},{"taxonomy":"destination","embeddable":true,"href":"https:\/\/ausventure-travel.com\/de\/wp-json\/wp\/v2\/destination?post=8513"},{"taxonomy":"region","embeddable":true,"href":"https:\/\/ausventure-travel.com\/de\/wp-json\/wp\/v2\/region?post=8513"},{"taxonomy":"product_cat","embeddable":true,"href":"https:\/\/ausventure-travel.com\/de\/wp-json\/wp\/v2\/product_cat?post=8513"},{"taxonomy":"product_tag","embeddable":true,"href":"https:\/\/ausventure-travel.com\/de\/wp-json\/wp\/v2\/product_tag?post=8513"}],"curies":[{"name":"wp","href":"https:\/\/api.w.org\/{rel}","templated":true}]}}