{"id":8488,"date":"2024-07-04T18:36:31","date_gmt":"2024-07-04T10:36:31","guid":{"rendered":"https:\/\/ausventure-travel.com\/p\/hamilton-island\/"},"modified":"2026-04-11T15:43:41","modified_gmt":"2026-04-11T07:43:41","slug":"hamilton-island","status":"publish","type":"product","link":"https:\/\/ausventure-travel.com\/de\/produkt\/hamilton-island\/","title":{"rendered":"Hamilton Island Tagestour"},"content":{"rendered":"<p>Nimm dir einen ganzen Tag Zeit, um <strong data-start=\"149\" data-end=\"168\">Hamilton Island<\/strong> in deinem eigenen Tempo zu entdecken \u2013 die perfekte Gelegenheit, die nat\u00fcrliche Sch\u00f6nheit der Insel zu genie\u00dfen. Erklimme die sanften H\u00fcgel und genie\u00dfe spektakul\u00e4re Ausblicke, bummle durch die Boutiquen und Galerien im charmanten Marina Village oder entspanne dich am Pool oder am wei\u00dfen Sandstrand.<\/p>\n<p>\u00dcberall auf der Insel findest du tolle M\u00f6glichkeiten zum Essen, Trinken und Einkaufen \u2013 ideal, um den Tag ganz nach deinen W\u00fcnschen zu gestalten.<\/p>\n","protected":false},"excerpt":{"rendered":"<p>Nimm dir einen ganzen Tag Zeit, um Hamilton Island in deinem eigenen Tempo zu entdecken \u2013 die perfekte Gelegenheit, die nat\u00fcrliche Sch\u00f6nheit der Insel zu genie\u00dfen. Erklimme die sanften H\u00fcgel und genie\u00dfe spektakul\u00e4re Ausblicke, bummle durch die Boutiquen und Galerien im charmanten Marina Village oder entspanne dich am Pool oder am wei\u00dfen Sandstrand. \u00dcberall auf [&hellip;]<\/p>\n","protected":false},"featured_media":66008,"comment_status":"closed","ping_status":"closed","template":"","meta":{"_acf_changed":false},"activity-level":[261],"destination":[45,154,166],"region":[264,263],"product_cat":[221,97,71],"product_tag":[],"class_list":{"0":"post-8488","1":"product","2":"type-product","3":"status-publish","4":"has-post-thumbnail","6":"activity-level-beginner","7":"destination-australien","8":"destination-queensland","9":"destination-whitsundays","10":"region-australien","11":"region-ostkueste","12":"product_cat-inselbesuch","13":"product_cat-segelabenteuer","14":"product_cat-tagestouren","16":"first","17":"instock","18":"shipping-taxable","19":"purchasable","20":"product-type-simple"},"acf":[],"_links":{"self":[{"href":"https:\/\/ausventure-travel.com\/de\/wp-json\/wp\/v2\/product\/8488","targetHints":{"allow":["GET"]}}],"collection":[{"href":"https:\/\/ausventure-travel.com\/de\/wp-json\/wp\/v2\/product"}],"about":[{"href":"https:\/\/ausventure-travel.com\/de\/wp-json\/wp\/v2\/types\/product"}],"replies":[{"embeddable":true,"href":"https:\/\/ausventure-travel.com\/de\/wp-json\/wp\/v2\/comments?post=8488"}],"wp:featuredmedia":[{"embeddable":true,"href":"https:\/\/ausventure-travel.com\/de\/wp-json\/wp\/v2\/media\/66008"}],"wp:attachment":[{"href":"https:\/\/ausventure-travel.com\/de\/wp-json\/wp\/v2\/media?parent=8488"}],"wp:term":[{"taxonomy":"activity-level","embeddable":true,"href":"https:\/\/ausventure-travel.com\/de\/wp-json\/wp\/v2\/activity-level?post=8488"},{"taxonomy":"destination","embeddable":true,"href":"https:\/\/ausventure-travel.com\/de\/wp-json\/wp\/v2\/destination?post=8488"},{"taxonomy":"region","embeddable":true,"href":"https:\/\/ausventure-travel.com\/de\/wp-json\/wp\/v2\/region?post=8488"},{"taxonomy":"product_cat","embeddable":true,"href":"https:\/\/ausventure-travel.com\/de\/wp-json\/wp\/v2\/product_cat?post=8488"},{"taxonomy":"product_tag","embeddable":true,"href":"https:\/\/ausventure-travel.com\/de\/wp-json\/wp\/v2\/product_tag?post=8488"}],"curies":[{"name":"wp","href":"https:\/\/api.w.org\/{rel}","templated":true}]}}