{"id":8478,"date":"2024-07-04T18:25:09","date_gmt":"2024-07-04T10:25:09","guid":{"rendered":"https:\/\/ausventure-travel.com\/p\/camira-sailing-adventure\/"},"modified":"2026-04-11T15:52:06","modified_gmt":"2026-04-11T07:52:06","slug":"camira-sailing-adventure","status":"publish","type":"product","link":"https:\/\/ausventure-travel.com\/de\/produkt\/camira-sailing-adventure\/","title":{"rendered":"Whitsundays Segeltour \u2013 Camira Abenteuer &#038; Whitehaven Beach"},"content":{"rendered":"<p>Nutze den Wind und segle stilvoll durch die azurblauen Gew\u00e4sser der Whitsundays an Bord der <strong data-start=\"205\" data-end=\"215\">Camira<\/strong>, eines beeindruckenden, 85 Fu\u00df langen Hochseekatamarans.<\/p>\n<p>Erlebe einen Tag voller Abenteuer: Schnorchle mit bunten Fischen an farbenpr\u00e4chtigen Riffen, wandere zum Aussichtspunkt \u00fcber das spektakul\u00e4re <strong data-start=\"415\" data-end=\"429\">Hill Inlet<\/strong>, hinterlasse deine Fu\u00dfabdr\u00fccke am weltber\u00fchmten <strong data-start=\"478\" data-end=\"498\">Whitehaven Beach<\/strong>, bade im kristallklaren Wasser und genie\u00dfe ein frisch zubereitetes <strong data-start=\"566\" data-end=\"585\">BBQ-Mittagessen<\/strong> an Bord.<\/p>\n","protected":false},"excerpt":{"rendered":"<p>Nutze den Wind und segle stilvoll durch die azurblauen Gew\u00e4sser der Whitsundays an Bord der Camira, eines beeindruckenden, 85 Fu\u00df langen Hochseekatamarans. Erlebe einen Tag voller Abenteuer: Schnorchle mit bunten Fischen an farbenpr\u00e4chtigen Riffen, wandere zum Aussichtspunkt \u00fcber das spektakul\u00e4re Hill Inlet, hinterlasse deine Fu\u00dfabdr\u00fccke am weltber\u00fchmten Whitehaven Beach, bade im kristallklaren Wasser und genie\u00dfe [&hellip;]<\/p>\n","protected":false},"featured_media":66002,"comment_status":"closed","ping_status":"closed","template":"","meta":{"_acf_changed":false},"activity-level":[261],"destination":[45,154,166],"region":[264,263],"product_cat":[221,71],"product_tag":[],"class_list":{"0":"post-8478","1":"product","2":"type-product","3":"status-publish","4":"has-post-thumbnail","6":"activity-level-beginner","7":"destination-australien","8":"destination-queensland","9":"destination-whitsundays","10":"region-australien","11":"region-ostkueste","12":"product_cat-inselbesuch","13":"product_cat-tagestouren","15":"first","16":"instock","17":"shipping-taxable","18":"purchasable","19":"product-type-simple"},"acf":[],"_links":{"self":[{"href":"https:\/\/ausventure-travel.com\/de\/wp-json\/wp\/v2\/product\/8478","targetHints":{"allow":["GET"]}}],"collection":[{"href":"https:\/\/ausventure-travel.com\/de\/wp-json\/wp\/v2\/product"}],"about":[{"href":"https:\/\/ausventure-travel.com\/de\/wp-json\/wp\/v2\/types\/product"}],"replies":[{"embeddable":true,"href":"https:\/\/ausventure-travel.com\/de\/wp-json\/wp\/v2\/comments?post=8478"}],"wp:featuredmedia":[{"embeddable":true,"href":"https:\/\/ausventure-travel.com\/de\/wp-json\/wp\/v2\/media\/66002"}],"wp:attachment":[{"href":"https:\/\/ausventure-travel.com\/de\/wp-json\/wp\/v2\/media?parent=8478"}],"wp:term":[{"taxonomy":"activity-level","embeddable":true,"href":"https:\/\/ausventure-travel.com\/de\/wp-json\/wp\/v2\/activity-level?post=8478"},{"taxonomy":"destination","embeddable":true,"href":"https:\/\/ausventure-travel.com\/de\/wp-json\/wp\/v2\/destination?post=8478"},{"taxonomy":"region","embeddable":true,"href":"https:\/\/ausventure-travel.com\/de\/wp-json\/wp\/v2\/region?post=8478"},{"taxonomy":"product_cat","embeddable":true,"href":"https:\/\/ausventure-travel.com\/de\/wp-json\/wp\/v2\/product_cat?post=8478"},{"taxonomy":"product_tag","embeddable":true,"href":"https:\/\/ausventure-travel.com\/de\/wp-json\/wp\/v2\/product_tag?post=8478"}],"curies":[{"name":"wp","href":"https:\/\/api.w.org\/{rel}","templated":true}]}}