{"id":7735,"date":"2024-06-27T18:38:00","date_gmt":"2024-06-27T10:38:00","guid":{"rendered":"https:\/\/ausventure-travel.com\/p\/kuranda-day-tour\/"},"modified":"2026-04-15T19:18:46","modified_gmt":"2026-04-15T11:18:46","slug":"kuranda-day-tour","status":"publish","type":"product","link":"https:\/\/ausventure-travel.com\/de\/produkt\/kuranda-day-tour\/","title":{"rendered":"Kuranda Tagestour ab Cairns mit Skyrail und Scenic Railway Highlights"},"content":{"rendered":"<p data-start=\"98\" data-end=\"412\">Erlebe einen der \u00e4ltesten Regenw\u00e4lder der Welt, eingebettet zwischen den Gipfeln der Great Dividing Range. Nur 25 km von Cairns entfernt bieten die <strong data-start=\"295\" data-end=\"317\">Tropic Wings Tours<\/strong> eine der besten M\u00f6glichkeiten, dieses zum UNESCO-Weltnaturerbe geh\u00f6rende Gebiet zu erkunden.<\/p>\n<p data-start=\"414\" data-end=\"718\">Reise stilvoll in das charmante Regenwalddorf <strong data-start=\"460\" data-end=\"471\">Kuranda<\/strong>: schwebe mit der <strong data-start=\"489\" data-end=\"520\">Skyrail Rainforest Cableway<\/strong> \u00fcber das dichte Bl\u00e4tterdach und genie\u00dfe atemberaubende Ausblicke, bevor du mit der historischen <strong data-start=\"617\" data-end=\"643\">Kuranda Scenic Railway<\/strong> durch spektakul\u00e4re Schluchten, Wasserf\u00e4lle und Regenw\u00e4lder zur\u00fcckkehrst.<\/p>\n","protected":false},"excerpt":{"rendered":"<p>Erlebe einen der \u00e4ltesten Regenw\u00e4lder der Welt, eingebettet zwischen den Gipfeln der Great Dividing Range. Nur 25 km von Cairns entfernt bieten die Tropic Wings Tours eine der besten M\u00f6glichkeiten, dieses zum UNESCO-Weltnaturerbe geh\u00f6rende Gebiet zu erkunden. Reise stilvoll in das charmante Regenwalddorf Kuranda: schwebe mit der Skyrail Rainforest Cableway \u00fcber das dichte Bl\u00e4tterdach und [&hellip;]<\/p>\n","protected":false},"featured_media":65553,"comment_status":"closed","ping_status":"closed","template":"","meta":{"_acf_changed":false},"activity-level":[261],"destination":[45,162,430,154],"region":[263,264],"product_cat":[71,218],"product_tag":[],"class_list":{"0":"post-7735","1":"product","2":"type-product","3":"status-publish","4":"has-post-thumbnail","6":"activity-level-beginner","7":"destination-australien","8":"destination-cairns","9":"destination-kuranda","10":"destination-queensland","11":"region-ostkueste","12":"region-australien","13":"product_cat-tagestouren","14":"product_cat-tierwelt","16":"first","17":"instock","18":"shipping-taxable","19":"purchasable","20":"product-type-simple"},"acf":[],"_links":{"self":[{"href":"https:\/\/ausventure-travel.com\/de\/wp-json\/wp\/v2\/product\/7735","targetHints":{"allow":["GET"]}}],"collection":[{"href":"https:\/\/ausventure-travel.com\/de\/wp-json\/wp\/v2\/product"}],"about":[{"href":"https:\/\/ausventure-travel.com\/de\/wp-json\/wp\/v2\/types\/product"}],"replies":[{"embeddable":true,"href":"https:\/\/ausventure-travel.com\/de\/wp-json\/wp\/v2\/comments?post=7735"}],"wp:featuredmedia":[{"embeddable":true,"href":"https:\/\/ausventure-travel.com\/de\/wp-json\/wp\/v2\/media\/65553"}],"wp:attachment":[{"href":"https:\/\/ausventure-travel.com\/de\/wp-json\/wp\/v2\/media?parent=7735"}],"wp:term":[{"taxonomy":"activity-level","embeddable":true,"href":"https:\/\/ausventure-travel.com\/de\/wp-json\/wp\/v2\/activity-level?post=7735"},{"taxonomy":"destination","embeddable":true,"href":"https:\/\/ausventure-travel.com\/de\/wp-json\/wp\/v2\/destination?post=7735"},{"taxonomy":"region","embeddable":true,"href":"https:\/\/ausventure-travel.com\/de\/wp-json\/wp\/v2\/region?post=7735"},{"taxonomy":"product_cat","embeddable":true,"href":"https:\/\/ausventure-travel.com\/de\/wp-json\/wp\/v2\/product_cat?post=7735"},{"taxonomy":"product_tag","embeddable":true,"href":"https:\/\/ausventure-travel.com\/de\/wp-json\/wp\/v2\/product_tag?post=7735"}],"curies":[{"name":"wp","href":"https:\/\/api.w.org\/{rel}","templated":true}]}}