{"id":7708,"date":"2024-06-27T17:51:26","date_gmt":"2024-06-27T09:51:26","guid":{"rendered":"https:\/\/ausventure-travel.com\/p\/reef-hopper-great-barrier-reef-rundflug\/"},"modified":"2026-04-15T18:51:14","modified_gmt":"2026-04-15T10:51:14","slug":"reef-hopper-great-barrier-reef-rundflug","status":"publish","type":"product","link":"https:\/\/ausventure-travel.com\/de\/produkt\/reef-hopper-great-barrier-reef-rundflug\/","title":{"rendered":"Great Barrier Reef Rundflug \u2013 Reef Hopper Flug Australien"},"content":{"rendered":"<p>Erlebe das Great Barrier Reef aus der Vogelperspektive bei einem spektakul\u00e4ren 40-minu\u0308tigen Rundflug.<\/p>\n<p>Dein Abenteuer startet am Flughafen Cairns und f\u00fchrt dich \u00fcber das smaragdgr\u00fcne Green Island und die beeindruckenden Korallenformationen des Riffs. Auf dem R\u00fcckflug genie\u00dft du atemberaubende Ausblicke auf die tropische K\u00fcste Nord-Queenslands, bevor du wieder sicher landest.<\/p>\n","protected":false},"excerpt":{"rendered":"<p>Erlebe das Great Barrier Reef aus der Vogelperspektive bei einem spektakul\u00e4ren 40-minu\u0308tigen Rundflug. Dein Abenteuer startet am Flughafen Cairns und f\u00fchrt dich \u00fcber das smaragdgr\u00fcne Green Island und die beeindruckenden Korallenformationen des Riffs. Auf dem R\u00fcckflug genie\u00dft du atemberaubende Ausblicke auf die tropische K\u00fcste Nord-Queenslands, bevor du wieder sicher landest.<\/p>\n","protected":false},"featured_media":65537,"comment_status":"closed","ping_status":"closed","template":"","meta":{"_acf_changed":false},"activity-level":[261],"destination":[45,162,424,154],"region":[263,264],"product_cat":[68,71],"product_tag":[],"class_list":{"0":"post-7708","1":"product","2":"type-product","3":"status-publish","4":"has-post-thumbnail","6":"activity-level-beginner","7":"destination-australien","8":"destination-cairns","9":"destination-great-barrier-reef","10":"destination-queensland","11":"region-ostkueste","12":"region-australien","13":"product_cat-rundflug","14":"product_cat-tagestouren","16":"first","17":"instock","18":"shipping-taxable","19":"purchasable","20":"product-type-simple"},"acf":[],"_links":{"self":[{"href":"https:\/\/ausventure-travel.com\/de\/wp-json\/wp\/v2\/product\/7708","targetHints":{"allow":["GET"]}}],"collection":[{"href":"https:\/\/ausventure-travel.com\/de\/wp-json\/wp\/v2\/product"}],"about":[{"href":"https:\/\/ausventure-travel.com\/de\/wp-json\/wp\/v2\/types\/product"}],"replies":[{"embeddable":true,"href":"https:\/\/ausventure-travel.com\/de\/wp-json\/wp\/v2\/comments?post=7708"}],"wp:featuredmedia":[{"embeddable":true,"href":"https:\/\/ausventure-travel.com\/de\/wp-json\/wp\/v2\/media\/65537"}],"wp:attachment":[{"href":"https:\/\/ausventure-travel.com\/de\/wp-json\/wp\/v2\/media?parent=7708"}],"wp:term":[{"taxonomy":"activity-level","embeddable":true,"href":"https:\/\/ausventure-travel.com\/de\/wp-json\/wp\/v2\/activity-level?post=7708"},{"taxonomy":"destination","embeddable":true,"href":"https:\/\/ausventure-travel.com\/de\/wp-json\/wp\/v2\/destination?post=7708"},{"taxonomy":"region","embeddable":true,"href":"https:\/\/ausventure-travel.com\/de\/wp-json\/wp\/v2\/region?post=7708"},{"taxonomy":"product_cat","embeddable":true,"href":"https:\/\/ausventure-travel.com\/de\/wp-json\/wp\/v2\/product_cat?post=7708"},{"taxonomy":"product_tag","embeddable":true,"href":"https:\/\/ausventure-travel.com\/de\/wp-json\/wp\/v2\/product_tag?post=7708"}],"curies":[{"name":"wp","href":"https:\/\/api.w.org\/{rel}","templated":true}]}}