{"id":69202,"date":"2025-09-05T00:38:37","date_gmt":"2025-09-04T16:38:37","guid":{"rendered":"https:\/\/ausventure-travel.com\/?page_id=69202"},"modified":"2025-09-09T09:18:31","modified_gmt":"2025-09-09T01:18:31","slug":"touristenvisum","status":"publish","type":"page","link":"https:\/\/ausventure-travel.com\/de\/reisevorbereitung\/touristenvisum\/","title":{"rendered":"Touristenvisum"},"content":{"rendered":"<p>eVisitor-Visum (Subclass 651) \u2013 Was du wissen musst<\/p>\n<h3>Aufenthalt bis zu 3 Monate<\/h3>\n<p>Wenn du als deutsche<em>r Staatsb\u00fcrger<\/em>in (oder mit einem EU-Pass) nach Australien reisen m\u00f6chtest, brauchst du f\u00fcr einen touristischen Aufenthalt ein Visum \u2013 zum Beispiel das\u00a0<strong>eVisitor Visum (Subclass 651)<\/strong>.<\/p>\n<p><img decoding=\"async\" class=\"an1\" draggable=\"false\" src=\"https:\/\/fonts.gstatic.com\/s\/e\/notoemoji\/16.0\/1f449\/32.png\" alt=\"\ud83d\udc49\" data-emoji=\"\ud83d\udc49\" aria-label=\"\ud83d\udc49\" \/> Das eVisitor-Visum kannst du\u00a0<strong>direkt online bei der australischen Einwanderungsbeh\u00f6rde<\/strong>\u00a0beantrage<wbr \/>n:<br \/>\n<img decoding=\"async\" class=\"an1\" draggable=\"false\" src=\"https:\/\/fonts.gstatic.com\/s\/e\/notoemoji\/16.0\/1f517\/32.png\" alt=\"\ud83d\udd17\" data-emoji=\"\ud83d\udd17\" aria-label=\"\ud83d\udd17\" \/>\u00a0<a rel=\"noopener\">Jetzt beantragen<\/a><\/p>\n<h3><img decoding=\"async\" class=\"an1\" draggable=\"false\" src=\"https:\/\/fonts.gstatic.com\/s\/e\/notoemoji\/16.0\/1f4dd\/32.png\" alt=\"\ud83d\udcdd\" data-emoji=\"\ud83d\udcdd\" aria-label=\"\ud83d\udcdd\" \/> Wichtiges auf einen Blick:<\/h3>\n<ul>\n<li><strong>G\u00fcltigkeit:<\/strong>\u00a012 Monate ab Erteilung<\/li>\n<li><strong>Aufenthaltsdauer:<\/strong>\u00a0Bis zu\u00a0<strong>3 Monate pro Einreise<\/strong><\/li>\n<li><strong>Kosten:<\/strong>\u00a0In den meisten F\u00e4llen\u00a0<strong>kostenlos<\/strong>, es kann aber je nach Staatsb\u00fcrgerschaft oder Bearbeitung eine geringe Geb\u00fchr anfallen<\/li>\n<li><strong>Bearbeitungszeit:<\/strong>\u00a0Oft nur wenige Sekunden, in manchen F\u00e4llen wenige Tage<\/li>\n<li><strong>Kein Ausdruck n\u00f6tig:<\/strong>\u00a0Das Visum wird\u00a0<strong>elektronisch<\/strong>\u00a0mit deinem Reisepass verkn\u00fcpft<\/li>\n<\/ul>\n<h3><img decoding=\"async\" class=\"an1\" draggable=\"false\" src=\"https:\/\/fonts.gstatic.com\/s\/e\/notoemoji\/16.0\/2705\/32.png\" alt=\"\u2705\" data-emoji=\"\u2705\" aria-label=\"\u2705\" \/> Voraussetzungen und Bedingungen:<\/h3>\n<ul>\n<li>Dein\u00a0<strong>Reisepass<\/strong>\u00a0muss mindestens f\u00fcr die gesamte Reisedauer g\u00fcltig sein<\/li>\n<li><strong>Arbeiten ist nicht erlaubt<\/strong>\u00a0\u2013 auch kein Nebenjob oder Bezahlung in irgendeiner Form<\/li>\n<li><strong>Freiwilligenarbeit<\/strong>\u00a0wie Wwoofing ist erlaubt, solange du\u00a0<strong>nur Unterkunft &amp; Verpflegung<\/strong>\u00a0erh\u00e4ltst<\/li>\n<li><strong>Sprachkurse &amp; Studium<\/strong>\u00a0bis zu\u00a0<strong>3 Monate<\/strong>\u00a0sind m\u00f6glich<\/li>\n<li>Die Beantragung muss von\u00a0<strong>au\u00dferhalb Australiens<\/strong>\u00a0erfolgen<\/li>\n<li>Du darfst\u00a0<strong>nicht vorbestraft<\/strong>\u00a0sein (mit einer Strafe \u00fcber 12 Monaten)<\/li>\n<li>F\u00fcr\u00a0<strong>Praktika oder Trainings<\/strong>\u00a0(auch unbezahlt) brauchst du ein anderes Visum: das\u00a0<strong>Training Visa (Subclass 407)<\/strong><\/li>\n<\/ul>\n<h3><img decoding=\"async\" class=\"an1\" draggable=\"false\" src=\"https:\/\/fonts.gstatic.com\/s\/e\/notoemoji\/16.0\/1f3af\/32.png\" alt=\"\ud83c\udfaf\" data-emoji=\"\ud83c\udfaf\" aria-label=\"\ud83c\udfaf\" \/>\u00a0\u00a0F\u00fcr wen ist das Visum geeignet?<\/h3>\n<p>Das eVisitor-Visum ist perfekt f\u00fcr:<\/p>\n<ul>\n<li>Urlauber<em>innen und Tourist<\/em>innen<\/li>\n<li>Freundes- oder Familienbesuche<\/li>\n<li>Kurzzeitige Sprachkurse oder Reisen mit Freiwilligenarbeit (unbezahlt)<\/li>\n<li>EU-Staatsb\u00fcrger*innen, die\u00a0<strong>nicht l\u00e4nger als 3 Monate<\/strong>\u00a0pro Einreise bleiben m\u00f6chten<\/li>\n<\/ul>\n<p><img decoding=\"async\" class=\"an1\" draggable=\"false\" src=\"https:\/\/fonts.gstatic.com\/s\/e\/notoemoji\/16.0\/1f449\/32.png\" alt=\"\ud83d\udc49\" data-emoji=\"\ud83d\udc49\" aria-label=\"\ud83d\udc49\" \/> Weitere Infos gibt\u2019s direkt bei der Beh\u00f6rde:<br \/>\n<img decoding=\"async\" class=\"an1\" draggable=\"false\" src=\"https:\/\/fonts.gstatic.com\/s\/e\/notoemoji\/16.0\/1f517\/32.png\" alt=\"\ud83d\udd17\" data-emoji=\"\ud83d\udd17\" aria-label=\"\ud83d\udd17\" \/>\u00a0<a rel=\"noopener\">eVisitor-Visum Infos<\/a><\/p>\n<h2><\/h2>\n<p>Visitor Visa (Subclass 600) \u2013 F\u00fcr l\u00e4ngere Aufenthalte in Australien<\/p>\n<h3>Aufenthalt bis zu 12 Monate<\/h3>\n<p>Du m\u00f6chtest l\u00e4nger als 3 Monate in Australien bleiben, z.\u202fB. um Urlaub zu machen, Freunde oder Familie zu besuchen oder einen Sprachkurs zu absolvieren? Dann ist das\u00a0<strong>Visitor Visa (Subclass 600)<\/strong>\u00a0genau das Richtige f\u00fcr dich.<\/p>\n<h3><img decoding=\"async\" class=\"an1\" draggable=\"false\" src=\"https:\/\/fonts.gstatic.com\/s\/e\/notoemoji\/16.0\/1f4cc\/32.png\" alt=\"\ud83d\udccc\" data-emoji=\"\ud83d\udccc\" aria-label=\"\ud83d\udccc\" \/> Was du wissen solltest:<\/h3>\n<ul>\n<li><strong>G\u00fcltigkeit:<\/strong>\u00a0Bis zu\u00a0<strong>12 Monate<\/strong><\/li>\n<li><strong>Aufenthaltszweck:<\/strong>\u00a0Urlaub, Familienbesuch, Sprachkurs (max. 3 Monate) oder Gesch\u00e4ftsreise<\/li>\n<li><strong>Kosten:<\/strong>\n<ul>\n<li><strong>ab 200\u202fAUD<\/strong>\u00a0bei Beantragung\u00a0<strong>au\u00dferhalb Australiens<\/strong><\/li>\n<li><strong>h\u00f6here Geb\u00fchren<\/strong>\u00a0(aktuell ca. 365\u202fAUD) bei Beantragung\u00a0<strong>innerhalb Australiens<\/strong><\/li>\n<\/ul>\n<\/li>\n<li><strong>Bearbeitungszeit:<\/strong>\u00a0ca.\u00a0<strong>2\u20134 Wochen<\/strong><\/li>\n<\/ul>\n<p>Du kannst das Visum ganz einfach\u00a0<strong>online direkt bei der australischen Einwanderungsbeh\u00f6rde<\/strong>\u00a0beantrage<wbr \/>n:<br \/>\n<img decoding=\"async\" class=\"an1\" draggable=\"false\" src=\"https:\/\/fonts.gstatic.com\/s\/e\/notoemoji\/16.0\/1f517\/32.png\" alt=\"\ud83d\udd17\" data-emoji=\"\ud83d\udd17\" aria-label=\"\ud83d\udd17\" \/>\u00a0<a rel=\"noopener\">Visitor Visa (Subclass 600) \u2013 Jetzt beantragen<\/a><\/p>\n<h3><img decoding=\"async\" class=\"an1\" draggable=\"false\" src=\"https:\/\/fonts.gstatic.com\/s\/e\/notoemoji\/16.0\/2705\/32.png\" alt=\"\u2705\" data-emoji=\"\u2705\" aria-label=\"\u2705\" \/> Was du f\u00fcr die Beantragung brauchst:<\/h3>\n<ul>\n<li>Einen\u00a0<strong>g\u00fcltigen Reisepass<\/strong><\/li>\n<li>Einen\u00a0<strong>Reisegrund<\/strong>\u00a0(z.\u202fB. Urlaub, Besuch, Sprachkurs etc.)<\/li>\n<li>Ggf.\u00a0<strong>Gesundheitsnachweis<\/strong>\u00a0oder Nachweis einer Auslandskrankenversicherung<\/li>\n<li><strong>Finanzierungsnachweis<\/strong>\u00a0(z.\u202fB. aktuelle Kontoausz\u00fcge)<\/li>\n<li>Nachweis, dass du\u00a0<strong>Australien wieder verl\u00e4sst<\/strong>\u00a0(z.\u202fB. R\u00fcckflugticket, Job, Studium etc.)<\/li>\n<li>Du darfst keine offenen Schulden gegen\u00fcber der australischen Regierung haben<\/li>\n<\/ul>\n<h3><img decoding=\"async\" class=\"an1\" draggable=\"false\" src=\"https:\/\/fonts.gstatic.com\/s\/e\/notoemoji\/16.0\/1f3af\/32.png\" alt=\"\ud83c\udfaf\" data-emoji=\"\ud83c\udfaf\" aria-label=\"\ud83c\udfaf\" \/> F\u00fcr wen eignet sich das Visitor Visa?<\/h3>\n<ul>\n<li>F\u00fcr alle, die\u00a0<strong>l\u00e4nger als 3 Monate<\/strong>\u00a0am St\u00fcck in Australien bleiben m\u00f6chten<\/li>\n<li>F\u00fcr\u00a0<strong>Nicht-EU-B\u00fcrger*innen<\/strong>, die\u00a0<strong>kein eVisitor-Visum (Subclass 651)<\/strong>\u00a0beantragen k\u00f6nnen<\/li>\n<li>F\u00fcr Reisende, die mehr Zeit f\u00fcr einen\u00a0<strong>intensiven Roadtrip oder Familienbesuch<\/strong>\u00a0brauchen<\/li>\n<\/ul>\n","protected":false},"excerpt":{"rendered":"<p>eVisitor-Visum (Subclass 651) \u2013 Was du wissen musst Aufenthalt bis zu 3 Monate Wenn du als deutscher Staatsb\u00fcrgerin (oder mit einem EU-Pass) nach Australien reisen m\u00f6chtest, brauchst du f\u00fcr einen touristischen Aufenthalt ein Visum \u2013 zum Beispiel das\u00a0eVisitor Visum (Subclass 651). Das eVisitor-Visum kannst du\u00a0direkt online bei der australischen Einwanderungsbeh\u00f6rde\u00a0beantragen: \u00a0Jetzt beantragen Wichtiges auf einen [&hellip;]<\/p>\n","protected":false},"author":1,"featured_media":70718,"parent":69200,"menu_order":0,"comment_status":"closed","ping_status":"closed","template":"","meta":{"_acf_changed":false,"footnotes":""},"seiten-kategorie":[418],"class_list":["post-69202","page","type-page","status-publish","has-post-thumbnail","hentry","seiten-kategorie-landingpage"],"acf":[],"_links":{"self":[{"href":"https:\/\/ausventure-travel.com\/de\/wp-json\/wp\/v2\/pages\/69202","targetHints":{"allow":["GET"]}}],"collection":[{"href":"https:\/\/ausventure-travel.com\/de\/wp-json\/wp\/v2\/pages"}],"about":[{"href":"https:\/\/ausventure-travel.com\/de\/wp-json\/wp\/v2\/types\/page"}],"author":[{"embeddable":true,"href":"https:\/\/ausventure-travel.com\/de\/wp-json\/wp\/v2\/users\/1"}],"replies":[{"embeddable":true,"href":"https:\/\/ausventure-travel.com\/de\/wp-json\/wp\/v2\/comments?post=69202"}],"version-history":[{"count":10,"href":"https:\/\/ausventure-travel.com\/de\/wp-json\/wp\/v2\/pages\/69202\/revisions"}],"predecessor-version":[{"id":70955,"href":"https:\/\/ausventure-travel.com\/de\/wp-json\/wp\/v2\/pages\/69202\/revisions\/70955"}],"up":[{"embeddable":true,"href":"https:\/\/ausventure-travel.com\/de\/wp-json\/wp\/v2\/pages\/69200"}],"wp:featuredmedia":[{"embeddable":true,"href":"https:\/\/ausventure-travel.com\/de\/wp-json\/wp\/v2\/media\/70718"}],"wp:attachment":[{"href":"https:\/\/ausventure-travel.com\/de\/wp-json\/wp\/v2\/media?parent=69202"}],"wp:term":[{"taxonomy":"seiten-kategorie","embeddable":true,"href":"https:\/\/ausventure-travel.com\/de\/wp-json\/wp\/v2\/seiten-kategorie?post=69202"}],"curies":[{"name":"wp","href":"https:\/\/api.w.org\/{rel}","templated":true}]}}